{"id":45,"date":"2025-09-05T12:32:13","date_gmt":"2025-09-05T10:32:13","guid":{"rendered":"https:\/\/lutecedestroyeuses.com\/index.php\/qui-sommes-nous\/"},"modified":"2025-09-05T18:34:42","modified_gmt":"2025-09-05T16:34:42","slug":"qui-sommes-nous","status":"publish","type":"page","link":"https:\/\/lutecedestroyeuses.com\/index.php\/qui-sommes-nous\/","title":{"rendered":"Qui sommes-nous ?"},"content":{"rendered":"\n<div class=\"wp-block-group is-vertical is-layout-flex wp-container-core-group-is-layout-355c4241 wp-block-group-is-layout-flex\">\n\n\n\n\n<h2 class=\"wp-block-heading\">Qui sont les Lut\u00e8ce Destroyeuses ?<\/h2>\n\n\n\n\n\n\n\n\n\n<figure class=\"wp-block-image size-large has-custom-border\"><img loading=\"lazy\" decoding=\"async\" width=\"1024\" height=\"385\" src=\"http:\/\/lutecedestroyeuses.com\/wp-content\/uploads\/2025\/09\/credit-manu-simon-1024x385.jpg\" alt=\"\" class=\"wp-image-176\" style=\"border-style:none;border-width:0px\" srcset=\"https:\/\/lutecedestroyeuses.com\/wp-content\/uploads\/2025\/09\/credit-manu-simon-1024x385.jpg 1024w, https:\/\/lutecedestroyeuses.com\/wp-content\/uploads\/2025\/09\/credit-manu-simon-300x113.jpg 300w, https:\/\/lutecedestroyeuses.com\/wp-content\/uploads\/2025\/09\/credit-manu-simon-768x289.jpg 768w, https:\/\/lutecedestroyeuses.com\/wp-content\/uploads\/2025\/09\/credit-manu-simon-1536x577.jpg 1536w, https:\/\/lutecedestroyeuses.com\/wp-content\/uploads\/2025\/09\/credit-manu-simon-2048x770.jpg 2048w, https:\/\/lutecedestroyeuses.com\/wp-content\/uploads\/2025\/09\/credit-manu-simon-1920x722.jpg 1920w\" sizes=\"(max-width: 1024px) 100vw, 1024px\" \/><figcaption class=\"wp-element-caption\">cr\u00e9dits : Manu Simon<\/figcaption><\/figure>\n<\/div>\n\n\n\n<h2 class=\"wp-block-heading\">Nos \u00e9quipes<\/h2>\n\n\n\n<h3 class=\"wp-block-heading\">Les Encastreuses<\/h3>\n\n\n\n<p>IIl s\u2019agit de l\u2019\u00e9quipe A de la ligue. Elle est inscrite en championnat FFRS et \u00e9volue actuellement en nationale 2. Lors de la saison 2024-2025, Les Encastreuses ont fini 3<sup>e<\/sup> de leur zone et ont disput\u00e9 17 matchs.<br><\/p>\n\n\n\n\n\n\n\n<h3 class=\"wp-block-heading\">Les P&#8217;tites Frappes<\/h3>\n\n\n\n<p style=\"margin-top:var(--wp--preset--spacing--50);margin-right:0;margin-bottom:var(--wp--preset--spacing--50);margin-left:0\">Il s\u2019agit de l\u2019\u00e9quipe B de la ligue. Elle s\u2019inscrit dans un registre loisir avec un effectif interm\u00e9diaire. Lors de la saison 2024-2025, Les P\u2019tites Frappes ont disput\u00e9 7 matchs.<\/p>\n\n\n\n<figure class=\"wp-block-image size-full\"><img loading=\"lazy\" decoding=\"async\" width=\"1024\" height=\"683\" src=\"http:\/\/lutecedestroyeuses.com\/wp-content\/uploads\/2025\/09\/ptites_frappes.jpg\" alt=\"\" class=\"wp-image-173\" srcset=\"https:\/\/lutecedestroyeuses.com\/wp-content\/uploads\/2025\/09\/ptites_frappes.jpg 1024w, https:\/\/lutecedestroyeuses.com\/wp-content\/uploads\/2025\/09\/ptites_frappes-300x200.jpg 300w, https:\/\/lutecedestroyeuses.com\/wp-content\/uploads\/2025\/09\/ptites_frappes-768x512.jpg 768w\" sizes=\"(max-width: 1024px) 100vw, 1024px\" \/><\/figure>\n\n\n\n\n\n<h3 class=\"wp-block-heading\">Les Canailles<\/h3>\n\n\n\n<p>L\u2019\u00e9quipe C de la ligue. D\u00e9di\u00e9e aux nouvelles recrues, elle n\u2019est plus active depuis 2019 mais une prochaine r\u00e9ouverture n\u2019est pas exclue.<\/p>\n\n\n\n\n\n<h2 class=\"wp-block-heading\">Entra\u00eenements<\/h2>\n\n\n\n<p>Les \u00e9quipes s&#8217;entra\u00eenent 2 \u00e0 3 fois par semaine, sur des cr\u00e9neaux communs comme s\u00e9par\u00e9s, dans le 12<sup>e<\/sup> arrondissement de Paris ainsi qu\u2019\u00e0 Saint-Denis.<\/p>\n\n\n\n\n\n<h2 class=\"wp-block-heading\">Nos engagements<\/h2>\n\n\n\n<p>Le roller derby est un sport qui a de fortes valeurs d\u2019inclusivit\u00e9. C\u2019est pourquoi <em>Les Lut\u00e8ce Destroyeuses<\/em> ont pris de nombreux engagements pour garantir un espace s\u00e9curis\u00e9 et accueillant. Au-del\u00e0 des valeurs sportives,&nbsp; l\u2019ensemble de la ligue s\u2019implique sur des sujets comme le racisme, le validisme, l\u2019\u00e2gisme, la pr\u00e9carit\u00e9, le classicisme, la f\u00e9tichisation, la transphobie, la grossophobie\u2026&nbsp;<\/p>\n\n\n\n<p>La ligue a \u00e9galement fait le choix de la pratique sportive en non mixit\u00e9 choisie f\u00e9minine et minorit\u00e9 de genre. L&#8217;arbitrage, lui, est mixte.<\/p>\n\n\n\n\n\n<h2 class=\"wp-block-heading\">Nos sponsors<\/h2>\n\n\n\n<p>Nous remercions la confiance et l\u2019engagement de nos sponsors qui nous soutiennent tout au long de la saison : Sucker Punch, Myrollerderby, Nomade Shop\u2026.<\/p>\n\n\n\n\n\n<figure class=\"wp-block-gallery has-nested-images columns-default is-cropped wp-block-gallery-2 is-layout-flex wp-block-gallery-is-layout-flex\">\n<figure class=\"wp-block-image size-full has-custom-border wp-duotone-unset-1\" style=\"margin-top:var(--wp--preset--spacing--70);margin-right:0;margin-bottom:var(--wp--preset--spacing--70);margin-left:0\"><a href=\"https:\/\/www.suckerpunchskateshop.com\/fr\/\"><img loading=\"lazy\" decoding=\"async\" width=\"1024\" height=\"456\" data-id=\"178\" src=\"https:\/\/lutecedestroyeuses.com\/wp-content\/uploads\/2025\/09\/logo_SUCKER_PUNCH_SKATE_SHOP.webp\" alt=\"\" class=\"wp-image-178\" style=\"border-style:none;border-width:0px;border-radius:0px\" srcset=\"https:\/\/lutecedestroyeuses.com\/wp-content\/uploads\/2025\/09\/logo_SUCKER_PUNCH_SKATE_SHOP.webp 1024w, https:\/\/lutecedestroyeuses.com\/wp-content\/uploads\/2025\/09\/logo_SUCKER_PUNCH_SKATE_SHOP-300x134.webp 300w, https:\/\/lutecedestroyeuses.com\/wp-content\/uploads\/2025\/09\/logo_SUCKER_PUNCH_SKATE_SHOP-768x342.webp 768w\" sizes=\"(max-width: 1024px) 100vw, 1024px\" \/><\/a><\/figure>\n\n\n\n<figure class=\"wp-block-image size-large\" style=\"margin-top:0;margin-bottom:0\"><a href=\"https:\/\/www.myrollerderby.com\/\"><img loading=\"lazy\" decoding=\"async\" width=\"402\" height=\"323\" data-id=\"179\" src=\"https:\/\/lutecedestroyeuses.com\/wp-content\/uploads\/2025\/09\/logo-1734597419.png\" alt=\"\" class=\"wp-image-179\" srcset=\"https:\/\/lutecedestroyeuses.com\/wp-content\/uploads\/2025\/09\/logo-1734597419.png 402w, https:\/\/lutecedestroyeuses.com\/wp-content\/uploads\/2025\/09\/logo-1734597419-300x241.png 300w\" sizes=\"(max-width: 402px) 100vw, 402px\" \/><\/a><\/figure>\n\n\n\n<figure class=\"wp-block-image size-large\" style=\"margin-top:var(--wp--preset--spacing--70);margin-bottom:var(--wp--preset--spacing--70)\"><a href=\"https:\/\/www.nomadeshop.com\/\"><img loading=\"lazy\" decoding=\"async\" width=\"1024\" height=\"454\" data-id=\"180\" src=\"https:\/\/lutecedestroyeuses.com\/wp-content\/uploads\/2025\/09\/Logo-NB-1024x454.png\" alt=\"\" class=\"wp-image-180\" srcset=\"https:\/\/lutecedestroyeuses.com\/wp-content\/uploads\/2025\/09\/Logo-NB-1024x454.png 1024w, https:\/\/lutecedestroyeuses.com\/wp-content\/uploads\/2025\/09\/Logo-NB-300x133.png 300w, https:\/\/lutecedestroyeuses.com\/wp-content\/uploads\/2025\/09\/Logo-NB-768x341.png 768w, https:\/\/lutecedestroyeuses.com\/wp-content\/uploads\/2025\/09\/Logo-NB-1536x681.png 1536w, https:\/\/lutecedestroyeuses.com\/wp-content\/uploads\/2025\/09\/Logo-NB.png 1831w\" sizes=\"(max-width: 1024px) 100vw, 1024px\" \/><\/a><\/figure>\n<\/figure>\n","protected":false},"excerpt":{"rendered":"<p>Qui sont les Lut\u00e8ce Destroyeuses ? Nos \u00e9quipes Les Encastreuses IIl s\u2019agit de l\u2019\u00e9quipe A de la ligue. Elle est inscrite en championnat FFRS et \u00e9volue actuellement en nationale 2. Lors de la saison 2024-2025, Les Encastreuses ont fini 3e de leur zone et ont disput\u00e9 17 matchs. Les P&#8217;tites Frappes Il s\u2019agit de l\u2019\u00e9quipe [&hellip;]<\/p>\n","protected":false},"author":1,"featured_media":130,"parent":0,"menu_order":0,"comment_status":"closed","ping_status":"closed","template":"","meta":{"saved_in_kubio":true,"footnotes":""},"class_list":["post-45","page","type-page","status-publish","has-post-thumbnail","hentry"],"kubio_ai_page_context":{"short_desc":"","purpose":"general"},"_links":{"self":[{"href":"https:\/\/lutecedestroyeuses.com\/index.php\/wp-json\/wp\/v2\/pages\/45","targetHints":{"allow":["GET"]}}],"collection":[{"href":"https:\/\/lutecedestroyeuses.com\/index.php\/wp-json\/wp\/v2\/pages"}],"about":[{"href":"https:\/\/lutecedestroyeuses.com\/index.php\/wp-json\/wp\/v2\/types\/page"}],"author":[{"embeddable":true,"href":"https:\/\/lutecedestroyeuses.com\/index.php\/wp-json\/wp\/v2\/users\/1"}],"replies":[{"embeddable":true,"href":"https:\/\/lutecedestroyeuses.com\/index.php\/wp-json\/wp\/v2\/comments?post=45"}],"version-history":[{"count":11,"href":"https:\/\/lutecedestroyeuses.com\/index.php\/wp-json\/wp\/v2\/pages\/45\/revisions"}],"predecessor-version":[{"id":186,"href":"https:\/\/lutecedestroyeuses.com\/index.php\/wp-json\/wp\/v2\/pages\/45\/revisions\/186"}],"wp:featuredmedia":[{"embeddable":true,"href":"https:\/\/lutecedestroyeuses.com\/index.php\/wp-json\/wp\/v2\/media\/130"}],"wp:attachment":[{"href":"https:\/\/lutecedestroyeuses.com\/index.php\/wp-json\/wp\/v2\/media?parent=45"}],"curies":[{"name":"wp","href":"https:\/\/api.w.org\/{rel}","templated":true}]}}